{"id":18319,"date":"2024-12-20T17:29:59","date_gmt":"2024-12-20T16:29:59","guid":{"rendered":"https:\/\/www.florencefollies.com\/website\/?page_id=18319"},"modified":"2025-01-08T17:59:06","modified_gmt":"2025-01-08T16:59:06","slug":"chi-siamo","status":"publish","type":"page","link":"https:\/\/www.florencefollies.com\/website\/it\/chi-siamo\/","title":{"rendered":"Chi siamo"},"content":{"rendered":"<div class=\"wpb-content-wrapper\">[vc_row gap=&#8221;0&#8243; element_id=&#8221;155221&#8243; element_css=&#8221;.vc-row-81786 .top-gradient {background:linear-gradient(to bottom, #ffffff 0%,rgba(255,255,255,0) 100%);}&#8221; el_class=&#8221;vc_row.background-cover-767 vc_row.background-cover-768-1024 content-box-padding&#8221; css=&#8221;.vc_custom_1734706628216{padding-top: 72px !important;}&#8221;][vc_column animation_delay=&#8221;0&#8243; element_id=&#8221;456489&#8243; crp=&#8221;480:i:i,480-768:i:i,768-1024:20:20,1024-1280:i:i,1280-1366:i:i,1366-1600:i:i,1600-1920:i:i&#8221;]<h2 class=\"et-heading text-align-left tablet-text-align-inherit mobile-text-align-inherit animate-true words-direct\" id=\"et-heading-929708\" data-delay=\"0\" data-mobile-font=\"inherit\" data-mobile-line-height=\"inherit\" data-tablet-landscape-font=\"inherit\" data-tablet-portrait-font=\"inherit\" data-tablet-landscape-line-height=\"inherit\" data-tablet-portrait-line-height=\"inherit\" data-parallax=\"false\" data-move=\"false\" data-coordinatex=\"0\" data-coordinatey=\"0\" data-speed=\"10\"><span class=\"text-wrapper\"><span class=\"text\">Made in Italy, Made in Florence.<\/span><\/span><\/h2>[\/vc_column][\/vc_row][vc_row content_placement=&#8221;middle&#8221; element_id=&#8221;758538&#8243; css=&#8221;.vc_custom_1734966210836{padding-top: 100px !important;padding-bottom: 50px !important;}&#8221;][vc_column width=&#8221;1\/3&#8243;][vc_single_image image=&#8221;18336&#8243; img_size=&#8221;full&#8221; css=&#8221;&#8221;]<span class=\"et-gap et-clearfix et-gap-147894\"><\/span>[\/vc_column][vc_column width=&#8221;1\/3&#8243;][vc_single_image image=&#8221;18341&#8243; img_size=&#8221;full&#8221; css=&#8221;&#8221;]<span class=\"et-gap et-clearfix et-gap-524329\"><\/span>[\/vc_column][vc_column width=&#8221;1\/3&#8243;]<h2 class=\"et-heading text-align-left tablet-text-align-inherit mobile-text-align-inherit animate-true words-direct\" id=\"et-heading-332226\" data-delay=\"0\" data-mobile-font=\"inherit\" data-mobile-line-height=\"inherit\" data-tablet-landscape-font=\"inherit\" data-tablet-portrait-font=\"inherit\" data-tablet-landscape-line-height=\"inherit\" data-tablet-portrait-line-height=\"inherit\" data-parallax=\"false\" data-move=\"false\" data-coordinatex=\"0\" data-coordinatey=\"0\" data-speed=\"10\"><span class=\"text-wrapper\"><span class=\"text\">Una storia tutta italiana per un&#8217;esperienza di cottura senza paragoni<\/span><\/span><\/h2>[\/vc_column][\/vc_row][vc_row content_placement=&#8221;middle&#8221; element_id=&#8221;441018&#8243; css=&#8221;.vc_custom_1734969871683{padding-bottom: 50px !important;}&#8221;][vc_column width=&#8221;1\/3&#8243;][vc_column_text animation_delay=&#8221;0&#8243; css=&#8221;&#8221;]Fin dall\u2019inizio, la sfida per i maestri artigiani di <strong>Florence Follies<\/strong> \u00e8 stata quella di creare qualcosa di nuovo, originale, sorprendente, non ancora presente sul mercato del barbecue. Una griglia, progettata nei minimi dettagli e costruita con i migliori materiali per ottenere cotture eccezionali.[\/vc_column_text]<span class=\"et-gap et-clearfix et-gap-147894\"><\/span>[\/vc_column][vc_column width=&#8221;1\/3&#8243;][vc_single_image image=&#8221;18371&#8243; img_size=&#8221;full&#8221; css=&#8221;&#8221;]<span class=\"et-gap et-clearfix et-gap-147894\"><\/span>[\/vc_column][vc_column width=&#8221;1\/3&#8243;][vc_column_text animation_delay=&#8221;0&#8243; css=&#8221;&#8221;]L\u2019ispirazione arriva dalla tradizione, un\u2019antica festa di paese nel cuore della Toscana dove ogni estate veniva realizzato un grande barbecue che richiedeva il coinvolgimento e l\u2019impegno di molte persone.[\/vc_column_text]<span class=\"et-gap et-clearfix et-gap-138704\"><\/span>[vc_column_text animation_delay=&#8221;0&#8243; css=&#8221;&#8221;]Da qui l\u2019idea di creare qualcosa di \u201cautomatico\u201d e meno faticoso ma che allo stesso tempo garantisse un risultato eccellente per tutti.[\/vc_column_text][\/vc_column][\/vc_row][vc_row content_placement=&#8221;middle&#8221; element_id=&#8221;200503&#8243; css=&#8221;.vc_custom_1734966221568{padding-bottom: 50px !important;}&#8221;][vc_column animation_delay=&#8221;0&#8243; width=&#8221;1\/3&#8243; element_id=&#8221;540896&#8243; fixed_bg=&#8221;true&#8221; css=&#8221;.vc_custom_1734968158327{background-color: #FFFFFF !important;}&#8221; crp=&#8221;480:i:i,480-768:i:i,768-1024:i:i,1024-1280:i:i,1280-1366:i:i,1366-1600:i:i,1600-1920:i:i&#8221;][vc_column_text animation_delay=&#8221;0&#8243; css=&#8221;&#8221;]Dopo vari studi, calcoli e prove di cottura, durante le quali sono stati modificati i diversi angoli di inclinazione delle griglie, i maestri artigiani di <strong>Florence Follies<\/strong> hanno individuato il punto perfetto tra l&#8217;altezza del carbone e quella delle griglie per ottenere un risultato sempre eccellente.[\/vc_column_text]<span class=\"et-gap et-clearfix et-gap-147894\"><\/span>[\/vc_column][vc_column width=&#8221;1\/3&#8243;][vc_single_image image=&#8221;18373&#8243; img_size=&#8221;full&#8221; css=&#8221;&#8221;]<span class=\"et-gap et-clearfix et-gap-570936\"><\/span>[\/vc_column][vc_column width=&#8221;1\/3&#8243;][vc_single_image image=&#8221;18375&#8243; img_size=&#8221;full&#8221; css=&#8221;&#8221;][\/vc_column][\/vc_row][vc_row content_placement=&#8221;middle&#8221; element_id=&#8221;200503&#8243; css=&#8221;.vc_custom_1734966221568{padding-bottom: 50px !important;}&#8221;][vc_column animation_delay=&#8221;0&#8243; width=&#8221;1\/3&#8243; element_id=&#8221;540896&#8243; fixed_bg=&#8221;true&#8221; css=&#8221;.vc_custom_1734968158327{background-color: #FFFFFF !important;}&#8221; crp=&#8221;480:i:i,480-768:i:i,768-1024:i:i,1024-1280:i:i,1280-1366:i:i,1366-1600:i:i,1600-1920:i:i&#8221;][vc_single_image image=&#8221;18377&#8243; img_size=&#8221;full&#8221; css=&#8221;&#8221;]<span class=\"et-gap et-clearfix et-gap-147894\"><\/span>[\/vc_column][vc_column width=&#8221;1\/3&#8243;][vc_column_text animation_delay=&#8221;0&#8243; css=&#8221;&#8221;]Il barbecue \u00e8 molto pi\u00f9 di un semplice modo di cuocere: \u00e8 un\u2019arte, un&#8217;occasione per stare insieme e gustare cibo delizioso all\u2019aperto.[\/vc_column_text]<span class=\"et-gap et-clearfix et-gap-138704\"><\/span>[vc_column_text animation_delay=&#8221;0&#8243; css=&#8221;&#8221;]L\u2019idea alla base della nostra gamma \u00e8 l\u2019<strong>originale ed innovativa tecnologia \u201crotativa\u201d<\/strong> per ottenere cotture di altissimo livello, come quelle dei migliori chef.[\/vc_column_text]<span class=\"et-gap et-clearfix et-gap-730152\"><\/span><a id=\"et-button-69650\" class=\"et-button icon-position-left modal-false medium hover-none click-none\" target=\"_self\" href=\"https:\/\/www.florencefollies.com\/website\/contatti\/\" data-animation-delay=\"0\" data-parallax=\"false\" data-move=\"false\" data-coordinatex=\"0\" data-coordinatey=\"0\" data-speed=\"10\"><span class=\"hover\"><\/span><span class=\"regular\"><\/span><span class=\"text\">Richiedi informazioni sui nostri prodotti<\/span><\/a>[\/vc_column][vc_column width=&#8221;1\/3&#8243;][\/vc_column][\/vc_row]\n<\/div>","protected":false},"excerpt":{"rendered":"<p>[vc_row gap=&#8221;0&#8243; element_id=&#8221;155221&#8243; element_css=&#8221;.vc-row-81786 .top-gradient {background:linear-gradient(to bottom, #ffffff 0%,rgba(255,255,255,0) 100%);}&#8221; el_class=&#8221;vc_row.background-cover-767 vc_row.background-cover-768-1024 content-box-padding&#8221; css=&#8221;.vc_custom_1734706628216{padding-top: 72px !important;}&#8221;][vc_column animation_delay=&#8221;0&#8243; element_id=&#8221;456489&#8243; crp=&#8221;480:i:i,480-768:i:i,768-1024:20:20,1024-1280:i:i,1280-1366:i:i,1366-1600:i:i,1600-1920:i:i&#8221;][\/vc_column][\/vc_row][vc_row content_placement=&#8221;middle&#8221; element_id=&#8221;758538&#8243; css=&#8221;.vc_custom_1734966210836{padding-top: 100px !important;padding-bottom: 50px !important;}&#8221;][vc_column width=&#8221;1\/3&#8243;][vc_single_image image=&#8221;18336&#8243; img_size=&#8221;full&#8221; css=&#8221;&#8221;][\/vc_column][vc_column width=&#8221;1\/3&#8243;][vc_single_image image=&#8221;18341&#8243; img_size=&#8221;full&#8221; css=&#8221;&#8221;][\/vc_column][vc_column width=&#8221;1\/3&#8243;][\/vc_column][\/vc_row][vc_row content_placement=&#8221;middle&#8221; element_id=&#8221;441018&#8243; css=&#8221;.vc_custom_1734969871683{padding-bottom: 50px !important;}&#8221;][vc_column width=&#8221;1\/3&#8243;][vc_column_text animation_delay=&#8221;0&#8243; css=&#8221;&#8221;]Fin dall\u2019inizio, la sfida per i maestri artigiani di Florence Follies \u00e8 stata [&hellip;]<\/p>\n","protected":false},"author":1,"featured_media":0,"parent":0,"menu_order":0,"comment_status":"closed","ping_status":"closed","template":"page-vc.php","meta":{"footnotes":""},"class_list":["post-18319","page","type-page","status-publish","hentry"],"_links":{"self":[{"href":"https:\/\/www.florencefollies.com\/website\/wp-json\/wp\/v2\/pages\/18319","targetHints":{"allow":["GET"]}}],"collection":[{"href":"https:\/\/www.florencefollies.com\/website\/wp-json\/wp\/v2\/pages"}],"about":[{"href":"https:\/\/www.florencefollies.com\/website\/wp-json\/wp\/v2\/types\/page"}],"author":[{"embeddable":true,"href":"https:\/\/www.florencefollies.com\/website\/wp-json\/wp\/v2\/users\/1"}],"replies":[{"embeddable":true,"href":"https:\/\/www.florencefollies.com\/website\/wp-json\/wp\/v2\/comments?post=18319"}],"version-history":[{"count":53,"href":"https:\/\/www.florencefollies.com\/website\/wp-json\/wp\/v2\/pages\/18319\/revisions"}],"predecessor-version":[{"id":18458,"href":"https:\/\/www.florencefollies.com\/website\/wp-json\/wp\/v2\/pages\/18319\/revisions\/18458"}],"wp:attachment":[{"href":"https:\/\/www.florencefollies.com\/website\/wp-json\/wp\/v2\/media?parent=18319"}],"curies":[{"name":"wp","href":"https:\/\/api.w.org\/{rel}","templated":true}]}}